{"id":10993,"date":"2024-07-23T12:37:35","date_gmt":"2024-07-23T10:37:35","guid":{"rendered":"https:\/\/velari.it\/?page_id=10993"},"modified":"2024-10-01T17:38:08","modified_gmt":"2024-10-01T15:38:08","slug":"private-chef","status":"publish","type":"page","link":"https:\/\/velari.it\/de\/private-chef\/","title":{"rendered":"Private Chef"},"content":{"rendered":"<div class=\"wpb-content-wrapper\"><p>[vc_row][vc_column][vc_single_image image=&#8221;11270&#8243; img_size=&#8221;full&#8221; alignment=&#8221;center&#8221; el_class=&#8221;img-page align-items-center&#8221; css=&#8221;.vc_custom_1686927654035{padding-top: 100px !important;}&#8221;][vc_row_inner][vc_column_inner][vc_custom_heading text=&#8221;Private Chef&#8221; font_container=&#8221;tag:h2|font_size:38px|text_align:center|color:%231c1a19&#8243; use_theme_fonts=&#8221;yes&#8221;][vc_custom_heading text=&#8221;Neue Aromen entdecken&#8221; font_container=&#8221;tag:h4|font_size:20px|text_align:center|color:%231c1a19&#8243; use_theme_fonts=&#8221;yes&#8221;][\/vc_column_inner][\/vc_row_inner][\/vc_column][\/vc_row][vc_row full_width=&#8221;stretch_row&#8221; content_placement=&#8221;top&#8221; css=&#8221;.vc_custom_1685177163812{margin-top: -2.142em !important;margin-bottom: 0px !important;background-position: 0 0 !important;background-repeat: no-repeat !important;}&#8221; _et_uniqid=&#8221;et_custom_uniqid_new_6471c340698ba&#8221;][vc_column width=&#8221;1\/4&#8243; fixed_background=&#8221;left&#8221; type=&#8221;left-center&#8221; css=&#8221;.vc_custom_1632465823219{background-position: center !important;background-repeat: no-repeat !important;background-size: contain !important;}&#8221; offset=&#8221;vc_col-lg-6 vc_col-md-6&#8243; el_class=&#8221;et-parallax&#8221; _et_uniqid=&#8221;et_custom_uniqid_new_614d73982050e&#8221;][vc_video link=&#8221;https:\/\/youtu.be\/LkTaT41ftrI&#8221;][vc_media_grid element_width=&#8221;12&#8243; gap=&#8221;3&#8243; grid_id=&#8221;vc_gid:1727796357130-18aa05b6-af91-10&#8243; include=&#8221;10995,10998&#8243;][\/vc_column][vc_column width=&#8221;3\/4&#8243; offset=&#8221;vc_col-lg-offset-0 vc_col-lg-6 vc_col-md-offset-0 vc_col-md-6&#8243; css=&#8221;.vc_custom_1632468413216{padding-right: 8.5% !important;background-color: #ffffff !important;}&#8221; _et_uniqid=&#8221;et_custom_uniqid_new_614d7d90d5042&#8243;][vc_row_inner content_placement=&#8221;top&#8221; _et_uniqid=&#8221;et_custom_uniqid_new_614d7dc384f70&#8243;][vc_column_inner offset=&#8221;vc_col-lg-offset-2 vc_col-lg-9 vc_col-md-offset-2 vc_col-md-10&#8243;][vc_custom_heading text=&#8221;Verw\u00f6hnen Sie sich mit einem romantischen Abend bei Kerzenlicht oder einem Dinner f\u00fcr die ganze Familie. Ein Chefkoch kommt in die Villa und bereitet Ihnen saisonale und mit typischen Kr\u00e4utern aromatisierte Gerichte zu, den wahren Protagonisten der toskanischen Kochkunst. Begleitet wird das Ganze von hiesigen Weinen, die die Einzigartigkeit jedes Ganges unterstreichen.&#8221; font_container=&#8221;tag:p|font_size:16%20px|text_align:left|color:%23666666&#8243; use_theme_fonts=&#8221;yes&#8221;][vc_separator color=&#8221;custom&#8221; border_width=&#8221;3&#8243; accent_color=&#8221;#b36c5b&#8221;][vc_custom_heading text=&#8221;Das saisonale Men\u00fc wird in Absprache mit dem Chefkoch ausgew\u00e4hlt.<br \/>\nGetr\u00e4nke inbegriffen: Wasser, 1 Flasche Wein f\u00fcr jeweils 2 Personen, Kaffee.<br \/>\nZus\u00e4tzlicher Wein wird separat berechnet.<br \/>\nDie Uhrzeit wird mit dem Chefkoch vereinbart.&#8221; font_container=&#8221;tag:p|font_size:16%20px|text_align:left|color:%23666666&#8243; use_theme_fonts=&#8221;yes&#8221;][\/vc_column_inner][\/vc_row_inner][\/vc_column][\/vc_row]<\/p>\n<\/div>","protected":false},"excerpt":{"rendered":"<p>[vc_row][vc_column][vc_single_image image=&#8221;11270&#8243; img_size=&#8221;full&#8221; alignment=&#8221;center&#8221; el_class=&#8221;img-page align-items-center&#8221; css=&#8221;.vc_custom_1686927654035{padding-top: 100px !important;}&#8221;][vc_row_inner][vc_column_inner][vc_custom_heading text=&#8221;Private Chef&#8221; font_container=&#8221;tag:h2|font_size:38px|text_align:center|color:%231c1a19&#8243; use_theme_fonts=&#8221;yes&#8221;][vc_custom_heading text=&#8221;Neue Aromen entdecken&#8221; font_container=&#8221;tag:h4|font_size:20px|text_align:center|color:%231c1a19&#8243; use_theme_fonts=&#8221;yes&#8221;][\/vc_column_inner][\/vc_row_inner][\/vc_column][\/vc_row][vc_row full_width=&#8221;stretch_row&#8221; content_placement=&#8221;top&#8221; css=&#8221;.vc_custom_1685177163812{margin-top: -2.142em !important;margin-bottom: 0px !important;background-position:&#8230;<\/p>\n","protected":false},"author":5,"featured_media":10859,"parent":0,"menu_order":0,"comment_status":"closed","ping_status":"closed","template":"","meta":{"footnotes":""},"class_list":["post-10993","page","type-page","status-publish","has-post-thumbnail","hentry"],"yoast_head":"<!-- This site is optimized with the Yoast SEO plugin v26.8 - https:\/\/yoast.com\/product\/yoast-seo-wordpress\/ -->\n<title>Private Chef - Velari<\/title>\n<meta name=\"robots\" content=\"index, follow, max-snippet:-1, max-image-preview:large, max-video-preview:-1\" \/>\n<link rel=\"canonical\" href=\"https:\/\/velari.it\/en\/home-chef\/\" \/>\n<meta property=\"og:locale\" content=\"de_DE\" \/>\n<meta property=\"og:type\" content=\"article\" \/>\n<meta property=\"og:title\" content=\"Private Chef - Velari\" \/>\n<meta property=\"og:description\" content=\"[vc_row][vc_column][vc_single_image image=&#8221;11270&#8243; img_size=&#8221;full&#8221; alignment=&#8221;center&#8221; el_class=&#8221;img-page align-items-center&#8221; css=&#8221;.vc_custom_1686927654035{padding-top: 100px !important;}&#8221;][vc_row_inner][vc_column_inner][vc_custom_heading text=&#8221;Private Chef&#8221; font_container=&#8221;tag:h2|font_size:38px|text_align:center|color:%231c1a19&#8243; use_theme_fonts=&#8221;yes&#8221;][vc_custom_heading text=&#8221;Neue Aromen entdecken&#8221; font_container=&#8221;tag:h4|font_size:20px|text_align:center|color:%231c1a19&#8243; use_theme_fonts=&#8221;yes&#8221;][\/vc_column_inner][\/vc_row_inner][\/vc_column][\/vc_row][vc_row full_width=&#8221;stretch_row&#8221; content_placement=&#8221;top&#8221; css=&#8221;.vc_custom_1685177163812{margin-top: -2.142em !important;margin-bottom: 0px !important;background-position:...\" \/>\n<meta property=\"og:url\" content=\"https:\/\/velari.it\/en\/home-chef\/\" \/>\n<meta property=\"og:site_name\" content=\"Velari\" \/>\n<meta property=\"article:modified_time\" content=\"2024-10-01T15:38:08+00:00\" \/>\n<meta property=\"og:image\" content=\"https:\/\/velari.it\/wp-content\/uploads\/2023\/05\/velari_home_chef_1.jpg\" \/>\n\t<meta property=\"og:image:width\" content=\"1200\" \/>\n\t<meta property=\"og:image:height\" content=\"800\" \/>\n\t<meta property=\"og:image:type\" content=\"image\/jpeg\" \/>\n<meta name=\"twitter:card\" content=\"summary_large_image\" \/>\n<meta name=\"twitter:label1\" content=\"Est. reading time\" \/>\n\t<meta name=\"twitter:data1\" content=\"2 minutes\" \/>\n<script type=\"application\/ld+json\" class=\"yoast-schema-graph\">{\"@context\":\"https:\/\/schema.org\",\"@graph\":[{\"@type\":\"WebPage\",\"@id\":\"https:\/\/velari.it\/en\/home-chef\/\",\"url\":\"https:\/\/velari.it\/en\/home-chef\/\",\"name\":\"Private Chef - Velari\",\"isPartOf\":{\"@id\":\"https:\/\/velari.it\/en\/#website\"},\"primaryImageOfPage\":{\"@id\":\"https:\/\/velari.it\/en\/home-chef\/#primaryimage\"},\"image\":{\"@id\":\"https:\/\/velari.it\/en\/home-chef\/#primaryimage\"},\"thumbnailUrl\":\"https:\/\/velari.it\/wp-content\/uploads\/2023\/05\/velari_home_chef_1.jpg\",\"datePublished\":\"2024-07-23T10:37:35+00:00\",\"dateModified\":\"2024-10-01T15:38:08+00:00\",\"breadcrumb\":{\"@id\":\"https:\/\/velari.it\/en\/home-chef\/#breadcrumb\"},\"inLanguage\":\"de-DE\",\"potentialAction\":[{\"@type\":\"ReadAction\",\"target\":[\"https:\/\/velari.it\/en\/home-chef\/\"]}]},{\"@type\":\"ImageObject\",\"inLanguage\":\"de-DE\",\"@id\":\"https:\/\/velari.it\/en\/home-chef\/#primaryimage\",\"url\":\"https:\/\/velari.it\/wp-content\/uploads\/2023\/05\/velari_home_chef_1.jpg\",\"contentUrl\":\"https:\/\/velari.it\/wp-content\/uploads\/2023\/05\/velari_home_chef_1.jpg\",\"width\":1200,\"height\":800},{\"@type\":\"BreadcrumbList\",\"@id\":\"https:\/\/velari.it\/en\/home-chef\/#breadcrumb\",\"itemListElement\":[{\"@type\":\"ListItem\",\"position\":1,\"name\":\"Home\",\"item\":\"https:\/\/velari.it\/de\/\"},{\"@type\":\"ListItem\",\"position\":2,\"name\":\"Private Chef\"}]},{\"@type\":\"WebSite\",\"@id\":\"https:\/\/velari.it\/en\/#website\",\"url\":\"https:\/\/velari.it\/en\/\",\"name\":\"Velari\",\"description\":\"Exclusive Villa in Tuscany\",\"potentialAction\":[{\"@type\":\"SearchAction\",\"target\":{\"@type\":\"EntryPoint\",\"urlTemplate\":\"https:\/\/velari.it\/en\/?s={search_term_string}\"},\"query-input\":{\"@type\":\"PropertyValueSpecification\",\"valueRequired\":true,\"valueName\":\"search_term_string\"}}],\"inLanguage\":\"de-DE\"}]}<\/script>\n<!-- \/ Yoast SEO plugin. -->","yoast_head_json":{"title":"Private Chef - Velari","robots":{"index":"index","follow":"follow","max-snippet":"max-snippet:-1","max-image-preview":"max-image-preview:large","max-video-preview":"max-video-preview:-1"},"canonical":"https:\/\/velari.it\/en\/home-chef\/","og_locale":"de_DE","og_type":"article","og_title":"Private Chef - Velari","og_description":"[vc_row][vc_column][vc_single_image image=&#8221;11270&#8243; img_size=&#8221;full&#8221; alignment=&#8221;center&#8221; el_class=&#8221;img-page align-items-center&#8221; css=&#8221;.vc_custom_1686927654035{padding-top: 100px !important;}&#8221;][vc_row_inner][vc_column_inner][vc_custom_heading text=&#8221;Private Chef&#8221; font_container=&#8221;tag:h2|font_size:38px|text_align:center|color:%231c1a19&#8243; use_theme_fonts=&#8221;yes&#8221;][vc_custom_heading text=&#8221;Neue Aromen entdecken&#8221; font_container=&#8221;tag:h4|font_size:20px|text_align:center|color:%231c1a19&#8243; use_theme_fonts=&#8221;yes&#8221;][\/vc_column_inner][\/vc_row_inner][\/vc_column][\/vc_row][vc_row full_width=&#8221;stretch_row&#8221; content_placement=&#8221;top&#8221; css=&#8221;.vc_custom_1685177163812{margin-top: -2.142em !important;margin-bottom: 0px !important;background-position:...","og_url":"https:\/\/velari.it\/en\/home-chef\/","og_site_name":"Velari","article_modified_time":"2024-10-01T15:38:08+00:00","og_image":[{"width":1200,"height":800,"url":"https:\/\/velari.it\/wp-content\/uploads\/2023\/05\/velari_home_chef_1.jpg","type":"image\/jpeg"}],"twitter_card":"summary_large_image","twitter_misc":{"Est. reading time":"2 minutes"},"schema":{"@context":"https:\/\/schema.org","@graph":[{"@type":"WebPage","@id":"https:\/\/velari.it\/en\/home-chef\/","url":"https:\/\/velari.it\/en\/home-chef\/","name":"Private Chef - Velari","isPartOf":{"@id":"https:\/\/velari.it\/en\/#website"},"primaryImageOfPage":{"@id":"https:\/\/velari.it\/en\/home-chef\/#primaryimage"},"image":{"@id":"https:\/\/velari.it\/en\/home-chef\/#primaryimage"},"thumbnailUrl":"https:\/\/velari.it\/wp-content\/uploads\/2023\/05\/velari_home_chef_1.jpg","datePublished":"2024-07-23T10:37:35+00:00","dateModified":"2024-10-01T15:38:08+00:00","breadcrumb":{"@id":"https:\/\/velari.it\/en\/home-chef\/#breadcrumb"},"inLanguage":"de-DE","potentialAction":[{"@type":"ReadAction","target":["https:\/\/velari.it\/en\/home-chef\/"]}]},{"@type":"ImageObject","inLanguage":"de-DE","@id":"https:\/\/velari.it\/en\/home-chef\/#primaryimage","url":"https:\/\/velari.it\/wp-content\/uploads\/2023\/05\/velari_home_chef_1.jpg","contentUrl":"https:\/\/velari.it\/wp-content\/uploads\/2023\/05\/velari_home_chef_1.jpg","width":1200,"height":800},{"@type":"BreadcrumbList","@id":"https:\/\/velari.it\/en\/home-chef\/#breadcrumb","itemListElement":[{"@type":"ListItem","position":1,"name":"Home","item":"https:\/\/velari.it\/de\/"},{"@type":"ListItem","position":2,"name":"Private Chef"}]},{"@type":"WebSite","@id":"https:\/\/velari.it\/en\/#website","url":"https:\/\/velari.it\/en\/","name":"Velari","description":"Exclusive Villa in Tuscany","potentialAction":[{"@type":"SearchAction","target":{"@type":"EntryPoint","urlTemplate":"https:\/\/velari.it\/en\/?s={search_term_string}"},"query-input":{"@type":"PropertyValueSpecification","valueRequired":true,"valueName":"search_term_string"}}],"inLanguage":"de-DE"}]}},"_links":{"self":[{"href":"https:\/\/velari.it\/de\/wp-json\/wp\/v2\/pages\/10993","targetHints":{"allow":["GET"]}}],"collection":[{"href":"https:\/\/velari.it\/de\/wp-json\/wp\/v2\/pages"}],"about":[{"href":"https:\/\/velari.it\/de\/wp-json\/wp\/v2\/types\/page"}],"author":[{"embeddable":true,"href":"https:\/\/velari.it\/de\/wp-json\/wp\/v2\/users\/5"}],"replies":[{"embeddable":true,"href":"https:\/\/velari.it\/de\/wp-json\/wp\/v2\/comments?post=10993"}],"version-history":[{"count":5,"href":"https:\/\/velari.it\/de\/wp-json\/wp\/v2\/pages\/10993\/revisions"}],"predecessor-version":[{"id":11800,"href":"https:\/\/velari.it\/de\/wp-json\/wp\/v2\/pages\/10993\/revisions\/11800"}],"wp:featuredmedia":[{"embeddable":true,"href":"https:\/\/velari.it\/de\/wp-json\/wp\/v2\/media\/10859"}],"wp:attachment":[{"href":"https:\/\/velari.it\/de\/wp-json\/wp\/v2\/media?parent=10993"}],"curies":[{"name":"wp","href":"https:\/\/api.w.org\/{rel}","templated":true}]}}