{"id":3,"date":"2021-09-21T09:46:11","date_gmt":"2021-09-21T07:46:11","guid":{"rendered":"https:\/\/villalaquerce.com\/w1\/?page_id=3"},"modified":"2023-05-17T18:18:02","modified_gmt":"2023-05-17T16:18:02","slug":"privacy-policy","status":"publish","type":"page","link":"https:\/\/velari.it\/it\/privacy-policy\/","title":{"rendered":"Privacy policy"},"content":{"rendered":"<div class=\"wpb-content-wrapper\"><p>[vc_row][vc_column][vc_column_text]<\/p>\r\n<h2 class=\"wp-block-heading\">INFORMATIVA EX ART. 13 D.LGS. 196\/2003<\/h2>\r\n<p>La informiamo con la presente che il Decreto Legislativo n. 196 del 30 giugno 2003 (\u201cCodice in materia di protezione dei dati personali\u201d) prevede la tutela delle persone e di altri soggetti rispetto al trattamento dei dati personali. Ai sensi della predetta normativa, il trattamento dei Suoi dati personali sar\u00e0 improntato ai principi di correttezza, liceit\u00e0 e trasparenza e di tutela della Sua riservatezza e dei Suoi diritti.<\/p>\r\n<p>Ai sensi dell\u2019art. 13 del Decreto Legislativo n. 196 del 30 giugno 2003, Le forniamo le seguenti informazioni:<\/p>\r\n<h3>1. FINALIT\u00c0 E MODALIT\u00c0 DEL TRATTAMENTO DEI DATI<\/h3>\r\n<p>I Suoi dati personali ci sono stati forniti e saranno trattati esclusivamente per finalit\u00e0 strettamente connesse e strumentali all\u2019adempimento delle obbligazioni inerenti il contratto di fornitura:<\/p>\r\n<ul>\r\n\t<li>per l\u2019inserimento delle anagrafiche nei data base informatici dell\u2019azienda;<\/li>\r\n\t<li>per la tenuta della contabilit\u00e0;<\/li>\r\n\t<li>per la gestione degli incassi e pagamenti;<\/li>\r\n\t<li>per adempiere agli obblighi previsti dalle norme di legge civilistiche e fiscali, dai regolamenti, dalla normativa comunitaria.<\/li>\r\n<\/ul>\r\n<p>Il trattamento dei dati personali sar\u00e0 effettuato tramite supporti cartacei ed informatici dal titolare, dal responsabile e dagli incaricati con l\u2019osservanza di ogni misura cautelativa, che ne garantisca la sicurezza e riservatezza.<\/p>\r\n<h3>2. NATURA DELLA RACCOLTA DEI DATI E CONSEGUENZE DI UN EVENTUALE MANCATO CONFERIMENTO<\/h3>\r\n<p>Il conferimento dei Suoi dati personali \u00e8 obbligatorio al fine di adempiere agli obblighi derivanti dal contratto e, in generale, agli adempimenti di legge.<\/p>\r\n<p>Il loro eventuale mancato conferimento potrebbe comportare l\u2019impossibilit\u00e0 da parte nostra di adempiere agli obblighi contrattuali<\/p>\r\n<h3>3. COMUNICAZIONE E DIFFUSIONE DEI DATI<\/h3>\r\n<p>I Suoi dati personali ai fini dell\u2019esecuzione del contratto e per le finalit\u00e0 sopra indicate, potranno essere comunicati:<\/p>\r\n<ul>\r\n\t<li>a tutte le persone fisiche e giuridiche (studi di consulenza legale, amministrativa, fiscale, societ\u00e0 di revisione, corrieri e spedizionieri, centro elaborazione dati etc.) nei casi in cui la comunicazione risulti necessaria per le finalit\u00e0 sopra illustrate;<\/li>\r\n\t<li>ad istituti bancari per la gestione degli incassi e dei pagamenti;<\/li>\r\n\t<li>a societ\u00e0 di factoring o di recupero crediti;<\/li>\r\n\t<li>ai nostri collaboratori e dipendenti appositamente incaricati e nell\u2019ambito delle relative mansioni;<\/li>\r\n<\/ul>\r\n<h3>4. DIRITTI DELL\u2019INTERESSATO<\/h3>\r\n<p>In ogni momento potr\u00e0 esercitare i Suoi diritti nei confronti del titolare del trattamento ai sensi dell\u2019art. 7 del Decreto Legislativo n. 196 del 30 giugno 2003, che per Sua comodit\u00e0 riproduciamo.<\/p>\r\n<ul>\r\n\t<li>L&#8217;interessato ha diritto di ottenere la conferma dell&#8217;esistenza o meno di dati personali che lo riguardano, anche se non ancora registrati, e la loro comunicazione in forma intelligibile.<\/li>\r\n\t<li>L&#8217;interessato ha diritto di ottenere l&#8217;indicazione:<br \/>\r\na) dell&#8217;origine dei dati personali; b) delle finalit\u00e0 e modalit\u00e0 del trattamento; c) della logica applicata in caso di trattamento effettuato con l&#8217;ausilio di strumenti elettronici; d) degli estremi identificativi del titolare, dei responsabili e del rappresentante designato ai sensi dell&#8217;articolo 5, comma 2; e) dei soggetti o delle categorie di soggetti ai quali i dati personali possono essere comunicati o che possono venirne a conoscenza in qualit\u00e0 di rappresentante designato nel territorio dello Stato, di responsabili o incaricati.<\/li>\r\n\t<li>L&#8217;interessato ha diritto di ottenere:<br \/>\r\na) l&#8217;aggiornamento, la rettificazione ovvero, quando vi ha interesse, l&#8217;integrazione dei dati; b) la cancellazione, la trasformazione in forma anonima o il blocco dei dati trattati in violazione di legge, compresi quelli di cui non \u00e8 necessaria la conservazione in relazione agli scopi per i quali i dati sono stati raccolti o successivamente trattati; c) l&#8217;attestazione che le operazioni di cui alle lettere a) e b) sono state portate a conoscenza, anche per quanto riguarda il loro contenuto, di coloro ai quali i dati sono stati comunicati o diffusi, eccettuato il caso in cui tale adempimento si rivela impossibile o comporta un impiego di mezzi manifestamente sproporzionato rispetto al diritto tutelato.<\/li>\r\n\t<li>L&#8217;interessato ha diritto di opporsi, in tutto o in parte:<br \/>\r\na) per motivi legittimi al trattamento dei dati personali che lo riguardano, ancorch\u00e9 pertinenti allo scopo della raccolta;<br \/>\r\nb) al trattamento di dati personali che lo riguardano a fini di invio di materiale pubblicitario o di vendita diretta o per il compimento di ricerche di mercato o di comunicazione commerciale.<\/li>\r\n<\/ul>\r\n<p>I diritti di cui all&#8217;articolo 7 sono esercitati con richiesta rivolta senza formalit\u00e0 al titolare o al responsabile, anche per il tramite di un incaricato, alla quale \u00e8 fornito idoneo riscontro senza ritardo.<\/p>\r\n<p>La richiesta rivolta al titolare o al responsabile pu\u00f2 essere trasmessa anche mediante lettera raccomandata, telefax o posta elettronica.<\/p>\r\n<h3>5. TITOLARE DEL TRATTAMENTO<\/h3>\r\n<p>Il titolare del trattamento \u00e8:<\/p>\r\n<p><strong>Soc. Agr. Tenuta Il Moro di Daidone B. e Mannino A.<\/strong><\/p>\r\n<p>via Forteguerri, 47\u00a0 San Rocco a Pilli<br \/>\r\nSovicille &#8211; Siena 53034<\/p>\r\n<p>email\u00a0<a href=\"mailto:info@velari.it\">info@velari.it<\/a><\/p>\r\n<h3>6. RESPONSABILE DEL TRATTAMENTO<\/h3>\r\n<p>Il responsabile del trattamento \u00e8:<\/p>\r\n<p><strong>Soc. Agr. Tenuta Il Moro di Daidone B. e Mannino A.<\/strong><\/p>\r\n<p>via Forteguerri, 47\u00a0 San Rocco a Pilli<br \/>\r\nSovicille &#8211; Siena 53034<\/p>\r\n<p>email\u00a0<a href=\"mailto:info@velari.it\">info@velari.it<\/a><\/p>\r\n<p>&nbsp;<\/p>\r\n<p>&nbsp;<\/p>\r\n<p>&nbsp;<\/p>\r\n\r\n<p>&nbsp;<\/p>\r\n<p>[\/vc_column_text][vc_empty_space height=&#8221;60px&#8221;][vc_column_text]<\/p>\r\n\r\n<h2 class=\"wp-block-heading\">Informativa estesa sui Cookie<\/h2>\r\n<p>Direttiva 2002\/58\/CE del 12 Luglio 2012 &#8211; Regolamento CE n.2006\/2004 &#8211; D. Lgs. 28 maggio 2012 n.69<\/p>\r\n<h3>COOKIE<\/h3>\r\n<p>Alessandracipriani.com ti fornisce informazioni complete e trasparenti circa l\u2019utilizzo dei cookie sui propri siti web.<\/p>\r\n<h3>COSA SONO I COOKIE?<\/h3>\r\n<p>Un cookie \u00e8 una breve stringa di testo che viene inviata al tuo browser ed, eventualmente, salvata sul tuo computer ( in alternativa sul tuo smarthphone o qualunque altro strumento utilizzato per accedere ad Internet ), ogni volta che visiti un sito web. Utilizziamo i cookie per diverse finalit\u00e0, allo scopo di offrirti un\u2019esperienza digitale rapida e sicura, ad esempio, permettendoti di mantenere attiva la connessione all\u2019area protetta durante la navigazione attraverso le pagine del sito; memorizzare, in modalit\u00e0 sicura, i tuoi User ID e Password; personalizzare la tua home page o identificare le pagine del sito che hai visitato, per evitare che vengano riproposte.<\/p>\r\n<p>I cookie memorizzati sul tuo computer, non possono essere utilizzati per richiamare nessun dato dal tuo hard disk, trasmettere virus informatici o identificare ed utilizzare il tuo indirizzo E-mail. Ogni cookie \u00e8 unico in relazione al browser e dispositivo da te utilizzati per accedere al sito Alessandracipriani.com Alcune delle funzioni espletate dai cookie possono essere demandate anche ad altre tecnologie, con il termine \u2018cookie\u2019 all\u2019interno di questo documento, si vuol far riferimento ai cookie e a tutte le tecnologie similari.<\/p>\r\n<h3>I COOKIE UTILIZZATI DA ALESSANDRACIPRIANI.COM E IL LORO SCOPO<\/h3>\r\n<ol>\r\n\t<li>Cookie Necessari<br \/>\r\nQuesti cookie sono essenziali per navigare sul sito di Alessandracipriani.com; consentono funzioni quali l\u2019autentificazione, la validazione, la gestione di una sessione di navigazione e la prevenzione delle frodi.Esempi di Cookies che:\r\n\r\n<ul>\r\n\t<li>Ci consentono di verificare che il tuo accesso all\u2019Area Riservata sia avvenuto regolarmente (se presente)<\/li>\r\n\t<li>Ti permettono di navigare agevolmente attraverso le pagine del sito<\/li>\r\n<\/ul>\r\n<\/li>\r\n\t<li>Cookie Funzionali<br \/>\r\nQuesti cookie forniscono funzionalit\u00e0 aggiuntive e ci consentono di tenere traccia delle tue scelte, quali la selezione della lingua o la dimensione del carattere utilizzato.Esempi di Cookies che:\r\n\r\n<ul>\r\n\t<li>Consentono di ricordare le tue preferenze e i tuoi User ID e Password<\/li>\r\n<\/ul>\r\n<\/li>\r\n\t<li>Cookie di Performance<br \/>\r\nQuesti cookie tengono traccia delle pagine che visiti con maggiore frequenza e della tua attivit\u00e0 sul sito Alessandracipriani.com. Consentono anche l\u2019immediata identificazione e risoluzione di tutte le problematiche tecniche, che potresti incontrare durante la navigazione all\u2019interno del sito. Le informazioni che questi cookie conservano sono aggregate, perci\u00f2 anonime e non vengono, inoltre, utilizzate per raccogliere i tuoi dati personali a scopi pubblicitari.Esempi di Cookies che:\r\n\r\n<ul>\r\n\t<li>Consentono di identificare la tipologia di browser utilizzato e il numero dei visitatori sul nostro sito<\/li>\r\n\t<li>Ci permettono di effettuare dei test sulle diverse versioni di una stessa pagina web, in modo da identificarne la migliore<\/li>\r\n<\/ul>\r\n<\/li>\r\n\t<li>Cookie per finalit\u00e0 di Marketing<br \/>\r\nQuesti cookie sono utilizzati da Alessandracipriani.com\u00a0per garantire che i messaggi di marketing che ricevi attraverso il nostro sito web siano adeguati alle tue preferenze.Esempi di Cookies che:\r\n\r\n<ul>\r\n\t<li>Se utilizzati congiuntamente con altre informazioni a te relative, come ad esempio come utilizzi i nostri prodotti e\/o servizi, consentono di riconoscere quando accedi alla tua area protetta e di fornirti messaggi di marketing personalizzati e in linea con le tue preferenze.<\/li>\r\n<\/ul>\r\n<\/li>\r\n\t<li>Marketing Cookie di Terzi<br \/>\r\nAlessandracipriani.com collabora con terze parti accuratamente selezionate e controllate, che potrebbero utilizzare cookie per migliorare la pertinenza dei nostri messaggi pubblicitari, sia sul nostro sito che su altri siti web utilizzati da Alessandracipriani.com per veicolare i propri messaggi pubblicitari.La nostra politica in materia pubblicitaria \u00e8 pensata per offrirti messaggi pertinenti, basati sulle tue precedenti visite al nostro sito, le pagine che hai visitato con piu\u2019 frequenza e altri dati a te relativi come ad esempio come utilizzi i nostri prodotti e\/o servizi. Questi cookie non raccolgono informazioni che permettono di identificarti personalmente.<\/li>\r\n<\/ol>\r\n<h3>GESTIONE DELLE TUE PREFERENZE SUI COOKIE<\/h3>\r\n<p>Puoi impostare e gestire le tue preferenze relative ai cookie, attraverso il sito Alessandracipriani.com e\/o attraverso le impostazioni del tuo browser:<\/p>\r\n<ul>\r\n\t<li><strong>a) attraverso il sito Alessandracipriani.com<\/strong><br \/>\r\nPuoi scegliere di accettare o rifiutare di ricevere i cookie del nostro sito per finalit\u00e0 di marketing, attraverso il pop-up \u2018Accettazione dei Cookies\u2019. Se scegli di rifiutare i cookie per finalit\u00e0 di marketing, non saranno comunque bloccati i cookie necessari, funzionali e di performance. L\u2019opzione selezionata non canceller\u00e0 i cookie Alessandracipriani.com gi\u00e0 memorizzati sul tuo dispositivo, ma impedir\u00e0 la memorizzazione di ulteriori cookie. Qualora desiderassi cancellare i cookie attualmente memorizzati sul tuo dispositivo, potrai farlo attraverso le impostazioni del tuo browser (vedi di seguito).L\u2019opzione da te selezionata, sar\u00e0 memorizzata e applicata per un anno a partire dalla data in cui hai effettuato la tua scelta o fino al momento della eventuale cancellazione di tutti i cookie attraverso le impostazioni del tuo browser (questa azione comporta anche la cancellazione della scelta precedentemente effettuata attraverso il nostro sito). Al tuo primo accesso al sito, dopo un anno dal momento in cui hai effettuato la tua scelta o a seguito della cancellazione dei cookie attraverso le impostazioni del browser, ti verr\u00e0 chiesto di aggiornare nuovamente le tue preferenze relative ai cookie per finalit\u00e0 di marketing.Per un periodo limitato di tempo, la tua scelta sar\u00e0 attiva quando navighi attraverso alcune sezioni del sito.Ti informiamo che stiamo lavorando ad una soluzione che permetta di gestire in modo accurato le tue scelte, poich\u00e9 importanti per noi. Se lo ritieni necessario potrai comunque cambiare le impostazioni relative ai cookie attraverso il tuo browser (vedi di seguito).<\/li>\r\n\t<li><strong>b) attraverso le impostazioni del tuo browser<\/strong><br \/>\r\nQualora desiderassi bloccare o cancellare i cookie ricevuti dal sito Alessandracipriani.com o qualsiasi altro sito, puoi farlo cambiando le impostazioni del tuo browser attraverso la funzione \u2018Aiuto\u2019. Ricorda che se scegli di disabilitare tutti i cookies, anche i cookie necessari, funzionali e di performance saranno bloccati e questo potrebbe causare disagi alla tua navigazione sul sito Alessandracipriani.com. Ad esempio, riuscirai a visitare le pagine pubbliche del sito, ma potresti non essere in grado di accedere all\u2019Area Riservata se presente.La maggior parte dei browser permettono un certo controllo della maggior parte dei cookie attraverso le impostazioni del browser.<br \/>\r\nPer saperne di pi\u00f9 sui cookie, tra cui come vedere ci\u00f2 che i cookie hanno impostato e le modalit\u00e0 di gestione e di eliminazione, visitare <a href=\"http:\/\/www.aboutcookies.org\" target=\"_blank\" rel=\"noopener\">www.aboutcookies.org<\/a> o <a href=\"http:\/\/www.allaboutcookies.org\" target=\"_blank\" rel=\"noopener\">www.allaboutcookies.org<\/a>.Per scegliere di non essere monitorati da Google Analytics attraverso tutti i siti web visita <a href=\"http:\/\/tools.google.com\/dlpage\/gaoptout\" target=\"_blank\" rel=\"noopener\">http:\/\/tools.google.com\/dlpage\/gaoptout<\/a>.<\/li>\r\n<\/ul>\r\n<h3>USO DI ALTRI SITI WEB<\/h3>\r\n<p>Ti raccomandiamo di leggere l\u2019informativa sulla privacy e sui cookie dei siti web ai quali accedi attraverso i link presenti sul sito web Alessandracipriani.com<\/p>\r\n<p>Ti ricordiamo che le preferenze relative ai cookie sul sito Alessandracipriani.com non saranno attive su siti web non-Alessandracipriani.com<\/p>\r\n<h3>TITOLARE DEL TRATTAMENTO DEI DATI<\/h3>\r\n<p><strong>Soc. Agr. Tenuta Il Moro di Daidone B. e Mannino A.<\/strong><\/p>\r\n<p>via Forteguerri, 47\u00a0 San Rocco a Pilli<br \/>\r\nSovicille &#8211; Siena 53034<\/p>\r\n<p>email\u00a0<a href=\"mailto:info@villavolterra.it\">info@villavolterra.it<\/a><\/p>\r\n<p>[\/vc_column_text][\/vc_column][\/vc_row]<\/p><\/div>","protected":false},"excerpt":{"rendered":"<p>[vc_row][vc_column][vc_column_text] INFORMATIVA EX ART. 13 D.LGS. 196\/2003 La informiamo con la presente che il Decreto Legislativo n. 196 del 30 giugno 2003 (\u201cCodice in materia&#8230;<\/p>\n","protected":false},"author":5,"featured_media":0,"parent":0,"menu_order":0,"comment_status":"closed","ping_status":"open","template":"","meta":{"footnotes":""},"class_list":["post-3","page","type-page","status-publish","hentry"],"yoast_head":"<!-- This site is optimized with the Yoast SEO plugin v26.8 - https:\/\/yoast.com\/product\/yoast-seo-wordpress\/ -->\n<title>Privacy policy - Velari<\/title>\n<meta name=\"robots\" content=\"index, follow, max-snippet:-1, max-image-preview:large, max-video-preview:-1\" \/>\n<link rel=\"canonical\" href=\"https:\/\/velari.it\/it\/privacy-policy\/\" \/>\n<meta property=\"og:locale\" content=\"it_IT\" \/>\n<meta property=\"og:type\" content=\"article\" \/>\n<meta property=\"og:title\" content=\"Privacy policy - Velari\" \/>\n<meta property=\"og:description\" content=\"[vc_row][vc_column][vc_column_text] INFORMATIVA EX ART. 13 D.LGS. 196\/2003 La informiamo con la presente che il Decreto Legislativo n. 196 del 30 giugno 2003 (\u201cCodice in materia...\" \/>\n<meta property=\"og:url\" content=\"https:\/\/velari.it\/it\/privacy-policy\/\" \/>\n<meta property=\"og:site_name\" content=\"Velari\" \/>\n<meta property=\"article:modified_time\" content=\"2023-05-17T16:18:02+00:00\" \/>\n<meta name=\"twitter:card\" content=\"summary_large_image\" \/>\n<meta name=\"twitter:label1\" content=\"Tempo di lettura stimato\" \/>\n\t<meta name=\"twitter:data1\" content=\"9 minuti\" \/>\n<script type=\"application\/ld+json\" class=\"yoast-schema-graph\">{\"@context\":\"https:\/\/schema.org\",\"@graph\":[{\"@type\":\"WebPage\",\"@id\":\"https:\/\/velari.it\/it\/privacy-policy\/\",\"url\":\"https:\/\/velari.it\/it\/privacy-policy\/\",\"name\":\"Privacy policy - Velari\",\"isPartOf\":{\"@id\":\"https:\/\/velari.it\/en\/#website\"},\"datePublished\":\"2021-09-21T07:46:11+00:00\",\"dateModified\":\"2023-05-17T16:18:02+00:00\",\"breadcrumb\":{\"@id\":\"https:\/\/velari.it\/it\/privacy-policy\/#breadcrumb\"},\"inLanguage\":\"it-IT\",\"potentialAction\":[{\"@type\":\"ReadAction\",\"target\":[\"https:\/\/velari.it\/it\/privacy-policy\/\"]}]},{\"@type\":\"BreadcrumbList\",\"@id\":\"https:\/\/velari.it\/it\/privacy-policy\/#breadcrumb\",\"itemListElement\":[{\"@type\":\"ListItem\",\"position\":1,\"name\":\"Home\",\"item\":\"https:\/\/velari.it\/it\/\"},{\"@type\":\"ListItem\",\"position\":2,\"name\":\"Privacy policy\"}]},{\"@type\":\"WebSite\",\"@id\":\"https:\/\/velari.it\/en\/#website\",\"url\":\"https:\/\/velari.it\/en\/\",\"name\":\"Velari\",\"description\":\"Exclusive Villa in Tuscany\",\"potentialAction\":[{\"@type\":\"SearchAction\",\"target\":{\"@type\":\"EntryPoint\",\"urlTemplate\":\"https:\/\/velari.it\/en\/?s={search_term_string}\"},\"query-input\":{\"@type\":\"PropertyValueSpecification\",\"valueRequired\":true,\"valueName\":\"search_term_string\"}}],\"inLanguage\":\"it-IT\"}]}<\/script>\n<!-- \/ Yoast SEO plugin. -->","yoast_head_json":{"title":"Privacy policy - Velari","robots":{"index":"index","follow":"follow","max-snippet":"max-snippet:-1","max-image-preview":"max-image-preview:large","max-video-preview":"max-video-preview:-1"},"canonical":"https:\/\/velari.it\/it\/privacy-policy\/","og_locale":"it_IT","og_type":"article","og_title":"Privacy policy - Velari","og_description":"[vc_row][vc_column][vc_column_text] INFORMATIVA EX ART. 13 D.LGS. 196\/2003 La informiamo con la presente che il Decreto Legislativo n. 196 del 30 giugno 2003 (\u201cCodice in materia...","og_url":"https:\/\/velari.it\/it\/privacy-policy\/","og_site_name":"Velari","article_modified_time":"2023-05-17T16:18:02+00:00","twitter_card":"summary_large_image","twitter_misc":{"Tempo di lettura stimato":"9 minuti"},"schema":{"@context":"https:\/\/schema.org","@graph":[{"@type":"WebPage","@id":"https:\/\/velari.it\/it\/privacy-policy\/","url":"https:\/\/velari.it\/it\/privacy-policy\/","name":"Privacy policy - Velari","isPartOf":{"@id":"https:\/\/velari.it\/en\/#website"},"datePublished":"2021-09-21T07:46:11+00:00","dateModified":"2023-05-17T16:18:02+00:00","breadcrumb":{"@id":"https:\/\/velari.it\/it\/privacy-policy\/#breadcrumb"},"inLanguage":"it-IT","potentialAction":[{"@type":"ReadAction","target":["https:\/\/velari.it\/it\/privacy-policy\/"]}]},{"@type":"BreadcrumbList","@id":"https:\/\/velari.it\/it\/privacy-policy\/#breadcrumb","itemListElement":[{"@type":"ListItem","position":1,"name":"Home","item":"https:\/\/velari.it\/it\/"},{"@type":"ListItem","position":2,"name":"Privacy policy"}]},{"@type":"WebSite","@id":"https:\/\/velari.it\/en\/#website","url":"https:\/\/velari.it\/en\/","name":"Velari","description":"Exclusive Villa in Tuscany","potentialAction":[{"@type":"SearchAction","target":{"@type":"EntryPoint","urlTemplate":"https:\/\/velari.it\/en\/?s={search_term_string}"},"query-input":{"@type":"PropertyValueSpecification","valueRequired":true,"valueName":"search_term_string"}}],"inLanguage":"it-IT"}]}},"_links":{"self":[{"href":"https:\/\/velari.it\/it\/wp-json\/wp\/v2\/pages\/3","targetHints":{"allow":["GET"]}}],"collection":[{"href":"https:\/\/velari.it\/it\/wp-json\/wp\/v2\/pages"}],"about":[{"href":"https:\/\/velari.it\/it\/wp-json\/wp\/v2\/types\/page"}],"author":[{"embeddable":true,"href":"https:\/\/velari.it\/it\/wp-json\/wp\/v2\/users\/5"}],"replies":[{"embeddable":true,"href":"https:\/\/velari.it\/it\/wp-json\/wp\/v2\/comments?post=3"}],"version-history":[{"count":4,"href":"https:\/\/velari.it\/it\/wp-json\/wp\/v2\/pages\/3\/revisions"}],"predecessor-version":[{"id":10811,"href":"https:\/\/velari.it\/it\/wp-json\/wp\/v2\/pages\/3\/revisions\/10811"}],"wp:attachment":[{"href":"https:\/\/velari.it\/it\/wp-json\/wp\/v2\/media?parent=3"}],"curies":[{"name":"wp","href":"https:\/\/api.w.org\/{rel}","templated":true}]}}